{"id":748,"date":"2022-01-05T16:01:30","date_gmt":"2022-01-05T15:01:30","guid":{"rendered":"http:\/\/da-sportsoffice.de\/?page_id=748"},"modified":"2025-06-04T17:13:03","modified_gmt":"2025-06-04T15:13:03","slug":"karl-heinz-riedle","status":"publish","type":"page","link":"https:\/\/da-sportsoffice.de\/index.php\/karl-heinz-riedle\/","title":{"rendered":"Karl-Heinz Riedle"},"content":{"rendered":"\t\t<div data-elementor-type=\"wp-page\" data-elementor-id=\"748\" class=\"elementor elementor-748\" data-elementor-post-type=\"page\">\n\t\t\t\t\t\t<section class=\"elementor-section elementor-top-section elementor-element elementor-element-8c82872 elementor-section-boxed elementor-section-height-default elementor-section-height-default\" data-id=\"8c82872\" data-element_type=\"section\">\n\t\t\t\t\t\t<div class=\"elementor-container elementor-column-gap-default\">\n\t\t\t\t\t<div class=\"elementor-column elementor-col-100 elementor-top-column elementor-element elementor-element-9093cb2\" data-id=\"9093cb2\" data-element_type=\"column\">\n\t\t\t<div class=\"elementor-widget-wrap elementor-element-populated\">\n\t\t\t\t\t\t<div class=\"elementor-element elementor-element-43b6327 elementor-widget elementor-widget-image\" data-id=\"43b6327\" data-element_type=\"widget\" data-widget_type=\"image.default\">\n\t\t\t\t<div class=\"elementor-widget-container\">\n\t\t\t\t\t\t\t\t\t\t\t\t\t\t\t<img decoding=\"async\" width=\"300\" height=\"48\" src=\"https:\/\/da-sportsoffice.de\/wp-content\/uploads\/2021\/09\/logo_sportsoffice-neu-300x48.jpg\" class=\"attachment-medium size-medium wp-image-4\" alt=\"\" srcset=\"https:\/\/da-sportsoffice.de\/wp-content\/uploads\/2021\/09\/logo_sportsoffice-neu-300x48.jpg 300w, https:\/\/da-sportsoffice.de\/wp-content\/uploads\/2021\/09\/logo_sportsoffice-neu-1024x163.jpg 1024w, https:\/\/da-sportsoffice.de\/wp-content\/uploads\/2021\/09\/logo_sportsoffice-neu-768x123.jpg 768w, https:\/\/da-sportsoffice.de\/wp-content\/uploads\/2021\/09\/logo_sportsoffice-neu-1536x245.jpg 1536w, https:\/\/da-sportsoffice.de\/wp-content\/uploads\/2021\/09\/logo_sportsoffice-neu-1568x250.jpg 1568w, https:\/\/da-sportsoffice.de\/wp-content\/uploads\/2021\/09\/logo_sportsoffice-neu.jpg 1754w\" sizes=\"(max-width: 300px) 100vw, 300px\" \/>\t\t\t\t\t\t\t\t\t\t\t\t\t\t\t<\/div>\n\t\t\t\t<\/div>\n\t\t\t\t<div class=\"elementor-element elementor-element-3e59c3d elementor-widget elementor-widget-spacer\" data-id=\"3e59c3d\" data-element_type=\"widget\" data-widget_type=\"spacer.default\">\n\t\t\t\t<div class=\"elementor-widget-container\">\n\t\t\t\t\t\t\t<div class=\"elementor-spacer\">\n\t\t\t<div class=\"elementor-spacer-inner\"><\/div>\n\t\t<\/div>\n\t\t\t\t\t\t<\/div>\n\t\t\t\t<\/div>\n\t\t\t\t\t<\/div>\n\t\t<\/div>\n\t\t\t\t\t<\/div>\n\t\t<\/section>\n\t\t\t\t<section class=\"elementor-section elementor-top-section elementor-element elementor-element-97bbfae elementor-section-boxed elementor-section-height-default elementor-section-height-default\" data-id=\"97bbfae\" data-element_type=\"section\">\n\t\t\t\t\t\t<div class=\"elementor-container elementor-column-gap-default\">\n\t\t\t\t\t<div class=\"elementor-column elementor-col-33 elementor-top-column elementor-element elementor-element-7480a75\" data-id=\"7480a75\" data-element_type=\"column\">\n\t\t\t<div class=\"elementor-widget-wrap elementor-element-populated\">\n\t\t\t\t\t\t<div class=\"elementor-element elementor-element-7014d6a elementor-widget elementor-widget-image\" data-id=\"7014d6a\" data-element_type=\"widget\" data-widget_type=\"image.default\">\n\t\t\t\t<div class=\"elementor-widget-container\">\n\t\t\t\t\t\t\t\t\t\t\t\t\t\t\t<img fetchpriority=\"high\" decoding=\"async\" width=\"843\" height=\"843\" src=\"https:\/\/da-sportsoffice.de\/wp-content\/uploads\/2022\/01\/RTL_EuroPokal_Riedle_Kalle_01-scaled-e1641395072219-1024x1024.jpg\" class=\"attachment-large size-large wp-image-750\" alt=\"\" srcset=\"https:\/\/da-sportsoffice.de\/wp-content\/uploads\/2022\/01\/RTL_EuroPokal_Riedle_Kalle_01-scaled-e1641395072219-1024x1024.jpg 1024w, https:\/\/da-sportsoffice.de\/wp-content\/uploads\/2022\/01\/RTL_EuroPokal_Riedle_Kalle_01-scaled-e1641395072219-300x300.jpg 300w, https:\/\/da-sportsoffice.de\/wp-content\/uploads\/2022\/01\/RTL_EuroPokal_Riedle_Kalle_01-scaled-e1641395072219-150x150.jpg 150w, https:\/\/da-sportsoffice.de\/wp-content\/uploads\/2022\/01\/RTL_EuroPokal_Riedle_Kalle_01-scaled-e1641395072219-768x768.jpg 768w, https:\/\/da-sportsoffice.de\/wp-content\/uploads\/2022\/01\/RTL_EuroPokal_Riedle_Kalle_01-scaled-e1641395072219-1536x1536.jpg 1536w, https:\/\/da-sportsoffice.de\/wp-content\/uploads\/2022\/01\/RTL_EuroPokal_Riedle_Kalle_01-scaled-e1641395072219.jpg 1707w\" sizes=\"(max-width: 843px) 100vw, 843px\" \/>\t\t\t\t\t\t\t\t\t\t\t\t\t\t\t<\/div>\n\t\t\t\t<\/div>\n\t\t\t\t\t<\/div>\n\t\t<\/div>\n\t\t\t\t<div class=\"elementor-column elementor-col-66 elementor-top-column elementor-element elementor-element-f5be34d\" data-id=\"f5be34d\" data-element_type=\"column\">\n\t\t\t<div class=\"elementor-widget-wrap elementor-element-populated\">\n\t\t\t\t\t\t<div class=\"elementor-element elementor-element-7b4be8f elementor-widget elementor-widget-heading\" data-id=\"7b4be8f\" data-element_type=\"widget\" data-widget_type=\"heading.default\">\n\t\t\t\t<div class=\"elementor-widget-container\">\n\t\t\t\t\t<h5 class=\"elementor-heading-title elementor-size-default\"><span style=\"font-size: 27.887998580932617px\">Karl-Heinz Riedle<\/span><\/h5>\t\t\t\t<\/div>\n\t\t\t\t<\/div>\n\t\t\t\t<div class=\"elementor-element elementor-element-b6ebc1b elementor-widget elementor-widget-text-editor\" data-id=\"b6ebc1b\" data-element_type=\"widget\" data-widget_type=\"text-editor.default\">\n\t\t\t\t<div class=\"elementor-widget-container\">\n\t\t\t\t\t\t\t\t\t<div><p>Karl-Heinz Riedle blickt auf eine au\u00dferordentlich erfolgreiche Karriere als Profifu\u00dfballer zur\u00fcck. Neben dem Sieg der UEFA Champions League 1997 gewann der 55-J\u00e4hrige mit SV Weder Bremen und Borussia Dortmund dreimal die Deutsche Meisterschaft und wurde 1990 mit der Deutschen Fu\u00dfball-Nationalmannschaft in Italien Fu\u00dfballweltmeister.\u00a0<\/p><\/div><div><p>Der Weltklassest\u00fcrmer spielte auch bei Lazio Rom in der italienischen Serie A,\u00a0sowie bei FC Liverpool und FC Fulham in der englischen Premier League und damit in den drei Top-Ligen Europas. F\u00fcr Fans von Borussia Dortmund gilt Karl-Heinz Riedle nicht nur durch seine beiden Treffer im Champions-League-Endspiel gegen Juventus Turin als absolute Klub-Ikone.<\/p><p>Neben seiner T\u00e4tigkeit als internationaler Markenbotschafter f\u00fcr Borussia Dortmund ist Karl-Heinz Riedle ein international gefragter TV-Experte.<br \/>Seit der Saison 21\/22 analysiert er zusammen mit Moderatorin Laura Papendiek f\u00fcr RTL \/ Nitro die Spiele der UEFA Europa League.<\/p><p>\u00a0<\/p><\/div>\t\t\t\t\t\t\t\t<\/div>\n\t\t\t\t<\/div>\n\t\t\t\t<div class=\"elementor-element elementor-element-48b2272 elementor-icon-list--layout-inline elementor-align-left elementor-list-item-link-inline elementor-widget elementor-widget-icon-list\" data-id=\"48b2272\" data-element_type=\"widget\" data-widget_type=\"icon-list.default\">\n\t\t\t\t<div class=\"elementor-widget-container\">\n\t\t\t\t\t\t\t<ul class=\"elementor-icon-list-items elementor-inline-items\">\n\t\t\t\t\t\t\t<li class=\"elementor-icon-list-item elementor-inline-item\">\n\t\t\t\t\t\t\t\t\t\t\t<a href=\"https:\/\/da-sportsoffice.de\/index.php\/contact\/\">\n\n\t\t\t\t\t\t\t\t\t\t\t\t<span class=\"elementor-icon-list-icon\">\n\t\t\t\t\t\t\t<i aria-hidden=\"true\" class=\"fas fa-mail-bulk\"><\/i>\t\t\t\t\t\t<\/span>\n\t\t\t\t\t\t\t\t\t\t<span class=\"elementor-icon-list-text\">contact<\/span>\n\t\t\t\t\t\t\t\t\t\t\t<\/a>\n\t\t\t\t\t\t\t\t\t<\/li>\n\t\t\t\t\t\t<\/ul>\n\t\t\t\t\t\t<\/div>\n\t\t\t\t<\/div>\n\t\t\t\t\t<\/div>\n\t\t<\/div>\n\t\t\t\t\t<\/div>\n\t\t<\/section>\n\t\t\t\t<section class=\"elementor-section elementor-top-section elementor-element elementor-element-db3d813 elementor-section-boxed elementor-section-height-default elementor-section-height-default\" data-id=\"db3d813\" data-element_type=\"section\">\n\t\t\t\t\t\t<div class=\"elementor-container elementor-column-gap-default\">\n\t\t\t\t\t<div class=\"elementor-column elementor-col-100 elementor-top-column elementor-element elementor-element-f0fd656\" data-id=\"f0fd656\" data-element_type=\"column\">\n\t\t\t<div class=\"elementor-widget-wrap elementor-element-populated\">\n\t\t\t\t\t\t<div class=\"elementor-element elementor-element-4850d88 gallery-spacing-custom elementor-widget elementor-widget-image-gallery\" data-id=\"4850d88\" data-element_type=\"widget\" data-widget_type=\"image-gallery.default\">\n\t\t\t\t<div class=\"elementor-widget-container\">\n\t\t\t\t\t\t\t<div class=\"elementor-image-gallery\">\n\t\t\t<div id='gallery-1' class='gallery galleryid-748 gallery-columns-3 gallery-size-full'><figure class='gallery-item'>\n\t\t\t<div class='gallery-icon portrait'>\n\t\t\t\t<a data-elementor-open-lightbox=\"yes\" data-elementor-lightbox-slideshow=\"4850d88\" data-elementor-lightbox-title=\"UnionDialo2025-BrittaHofmann-KarlHeinzRiedle\" data-elementor-lightbox-description=\"Moderatorin Britta Hofmann mit Karl-Heinz Riedle und Vertriebsdirektor Tobias Schulz \" data-e-action-hash=\"#elementor-action%3Aaction%3Dlightbox%26settings%3DeyJpZCI6MTE5NSwidXJsIjoiaHR0cHM6XC9cL2RhLXNwb3J0c29mZmljZS5kZVwvd3AtY29udGVudFwvdXBsb2Fkc1wvMjAyNVwvMDZcL0xaNl8zOTY2LXNjYWxlZC1lMTc0OTA1MDk1NDcyNi5qcGciLCJzbGlkZXNob3ciOiI0ODUwZDg4In0%3D\" href='https:\/\/da-sportsoffice.de\/wp-content\/uploads\/2025\/06\/LZ6_3966-scaled-e1749050954726.jpg'><img decoding=\"async\" width=\"1702\" height=\"2364\" src=\"https:\/\/da-sportsoffice.de\/wp-content\/uploads\/2025\/06\/LZ6_3966-scaled-e1749050954726.jpg\" class=\"attachment-full size-full\" alt=\"\" aria-describedby=\"gallery-1-1195\" srcset=\"https:\/\/da-sportsoffice.de\/wp-content\/uploads\/2025\/06\/LZ6_3966-scaled-e1749050954726.jpg 1702w, https:\/\/da-sportsoffice.de\/wp-content\/uploads\/2025\/06\/LZ6_3966-scaled-e1749050954726-216x300.jpg 216w, https:\/\/da-sportsoffice.de\/wp-content\/uploads\/2025\/06\/LZ6_3966-scaled-e1749050954726-737x1024.jpg 737w, https:\/\/da-sportsoffice.de\/wp-content\/uploads\/2025\/06\/LZ6_3966-scaled-e1749050954726-768x1067.jpg 768w, https:\/\/da-sportsoffice.de\/wp-content\/uploads\/2025\/06\/LZ6_3966-scaled-e1749050954726-1106x1536.jpg 1106w, https:\/\/da-sportsoffice.de\/wp-content\/uploads\/2025\/06\/LZ6_3966-scaled-e1749050954726-1474x2048.jpg 1474w\" sizes=\"(max-width: 1702px) 100vw, 1702px\" \/><\/a>\n\t\t\t<\/div>\n\t\t\t\t<figcaption class='wp-caption-text gallery-caption' id='gallery-1-1195'>\n\t\t\t\tModeratorin Britta Hofmann mit Karl-Heinz Riedle und Vertriebsdirektor Tobias Schulz \n\t\t\t\t<\/figcaption><\/figure><figure class='gallery-item'>\n\t\t\t<div class='gallery-icon landscape'>\n\t\t\t\t<a data-elementor-open-lightbox=\"yes\" data-elementor-lightbox-slideshow=\"4850d88\" data-elementor-lightbox-title=\"Kark-Heinz Riedle \/ DFL Dual-Commentary\" data-elementor-lightbox-description=\"Moderatorin Britta Hofmann mit Karl-Heinz Riedle und Vertriebsdirektor Tobias Schulz \" data-e-action-hash=\"#elementor-action%3Aaction%3Dlightbox%26settings%3DeyJpZCI6NTg5LCJ1cmwiOiJodHRwczpcL1wvZGEtc3BvcnRzb2ZmaWNlLmRlXC93cC1jb250ZW50XC91cGxvYWRzXC8yMDIxXC8xMVwvSU1HXzM2MTktc2NhbGVkLmpwZWciLCJzbGlkZXNob3ciOiI0ODUwZDg4In0%3D\" href='https:\/\/da-sportsoffice.de\/wp-content\/uploads\/2021\/11\/IMG_3619-scaled.jpeg'><img loading=\"lazy\" decoding=\"async\" width=\"2560\" height=\"1920\" src=\"https:\/\/da-sportsoffice.de\/wp-content\/uploads\/2021\/11\/IMG_3619-scaled.jpeg\" class=\"attachment-full size-full\" alt=\"\" aria-describedby=\"gallery-1-589\" srcset=\"https:\/\/da-sportsoffice.de\/wp-content\/uploads\/2021\/11\/IMG_3619-scaled.jpeg 2560w, https:\/\/da-sportsoffice.de\/wp-content\/uploads\/2021\/11\/IMG_3619-300x225.jpeg 300w, https:\/\/da-sportsoffice.de\/wp-content\/uploads\/2021\/11\/IMG_3619-1024x768.jpeg 1024w, https:\/\/da-sportsoffice.de\/wp-content\/uploads\/2021\/11\/IMG_3619-768x576.jpeg 768w, https:\/\/da-sportsoffice.de\/wp-content\/uploads\/2021\/11\/IMG_3619-1536x1152.jpeg 1536w, https:\/\/da-sportsoffice.de\/wp-content\/uploads\/2021\/11\/IMG_3619-2048x1536.jpeg 2048w\" sizes=\"(max-width: 2560px) 100vw, 2560px\" \/><\/a>\n\t\t\t<\/div>\n\t\t\t\t<figcaption class='wp-caption-text gallery-caption' id='gallery-1-589'>\n\t\t\t\tDFL Dual-Commentary \n\t\t\t\t<\/figcaption><\/figure>\n\t\t<\/div>\n\t\t<\/div>\n\t\t\t\t\t\t<\/div>\n\t\t\t\t<\/div>\n\t\t\t\t\t<\/div>\n\t\t<\/div>\n\t\t\t\t\t<\/div>\n\t\t<\/section>\n\t\t\t\t<\/div>\n\t\t","protected":false},"excerpt":{"rendered":"<p>Karl-Heinz Riedle Karl-Heinz Riedle blickt auf eine au\u00dferordentlich erfolgreiche Karriere als Profifu\u00dfballer zur\u00fcck. Neben dem Sieg der UEFA Champions League 1997 gewann der 55-J\u00e4hrige mit&hellip;<\/p>\n","protected":false},"author":1,"featured_media":0,"parent":0,"menu_order":0,"comment_status":"closed","ping_status":"closed","template":"","meta":{"footnotes":""},"class_list":["post-748","page","type-page","status-publish","hentry"],"aioseo_notices":[],"_links":{"self":[{"href":"https:\/\/da-sportsoffice.de\/index.php\/wp-json\/wp\/v2\/pages\/748","targetHints":{"allow":["GET"]}}],"collection":[{"href":"https:\/\/da-sportsoffice.de\/index.php\/wp-json\/wp\/v2\/pages"}],"about":[{"href":"https:\/\/da-sportsoffice.de\/index.php\/wp-json\/wp\/v2\/types\/page"}],"author":[{"embeddable":true,"href":"https:\/\/da-sportsoffice.de\/index.php\/wp-json\/wp\/v2\/users\/1"}],"replies":[{"embeddable":true,"href":"https:\/\/da-sportsoffice.de\/index.php\/wp-json\/wp\/v2\/comments?post=748"}],"version-history":[{"count":14,"href":"https:\/\/da-sportsoffice.de\/index.php\/wp-json\/wp\/v2\/pages\/748\/revisions"}],"predecessor-version":[{"id":1205,"href":"https:\/\/da-sportsoffice.de\/index.php\/wp-json\/wp\/v2\/pages\/748\/revisions\/1205"}],"wp:attachment":[{"href":"https:\/\/da-sportsoffice.de\/index.php\/wp-json\/wp\/v2\/media?parent=748"}],"curies":[{"name":"wp","href":"https:\/\/api.w.org\/{rel}","templated":true}]}}