{"id":601,"date":"2021-12-05T12:13:24","date_gmt":"2021-12-05T11:13:24","guid":{"rendered":"http:\/\/da-sportsoffice.de\/?page_id=601"},"modified":"2026-01-16T13:53:46","modified_gmt":"2026-01-16T12:53:46","slug":"references","status":"publish","type":"page","link":"https:\/\/da-sportsoffice.de\/index.php\/references\/","title":{"rendered":""},"content":{"rendered":"\t\t<div data-elementor-type=\"wp-page\" data-elementor-id=\"601\" class=\"elementor elementor-601\" data-elementor-post-type=\"page\">\n\t\t\t\t\t\t<section class=\"elementor-section elementor-top-section elementor-element elementor-element-4ef5bc0e elementor-section-boxed elementor-section-height-default elementor-section-height-default\" data-id=\"4ef5bc0e\" data-element_type=\"section\">\n\t\t\t\t\t\t<div class=\"elementor-container elementor-column-gap-default\">\n\t\t\t\t\t<div class=\"elementor-column elementor-col-100 elementor-top-column elementor-element elementor-element-11faaadb\" data-id=\"11faaadb\" data-element_type=\"column\">\n\t\t\t<div class=\"elementor-widget-wrap elementor-element-populated\">\n\t\t\t\t\t\t<div class=\"elementor-element elementor-element-52ed56ac elementor-widget elementor-widget-text-editor\" data-id=\"52ed56ac\" data-element_type=\"widget\" data-widget_type=\"text-editor.default\">\n\t\t\t\t<div class=\"elementor-widget-container\">\n\t\t\t\t\t\t\t\t\t<p><\/p>\n<figure class=\"wp-block-image size-large\"><img fetchpriority=\"high\" decoding=\"async\" width=\"1024\" height=\"163\" class=\"wp-image-4\" src=\"https:\/\/da-sportsoffice.de\/wp-content\/uploads\/2021\/09\/logo_sportsoffice-neu-1024x163.jpg\" alt=\"\" srcset=\"https:\/\/da-sportsoffice.de\/wp-content\/uploads\/2021\/09\/logo_sportsoffice-neu-1024x163.jpg 1024w, https:\/\/da-sportsoffice.de\/wp-content\/uploads\/2021\/09\/logo_sportsoffice-neu-300x48.jpg 300w, https:\/\/da-sportsoffice.de\/wp-content\/uploads\/2021\/09\/logo_sportsoffice-neu-768x123.jpg 768w, https:\/\/da-sportsoffice.de\/wp-content\/uploads\/2021\/09\/logo_sportsoffice-neu-1536x245.jpg 1536w, https:\/\/da-sportsoffice.de\/wp-content\/uploads\/2021\/09\/logo_sportsoffice-neu-1568x250.jpg 1568w, https:\/\/da-sportsoffice.de\/wp-content\/uploads\/2021\/09\/logo_sportsoffice-neu.jpg 1754w\" sizes=\"(max-width: 1024px) 100vw, 1024px\" \/><\/figure>\n<p><\/p>\n<p><\/p>\n<p><\/p>\n<p><\/p>\t\t\t\t\t\t\t\t<\/div>\n\t\t\t\t<\/div>\n\t\t\t\t<div class=\"elementor-element elementor-element-b5985a0 elementor-widget elementor-widget-spacer\" data-id=\"b5985a0\" data-element_type=\"widget\" data-widget_type=\"spacer.default\">\n\t\t\t\t<div class=\"elementor-widget-container\">\n\t\t\t\t\t\t\t<div class=\"elementor-spacer\">\n\t\t\t<div class=\"elementor-spacer-inner\"><\/div>\n\t\t<\/div>\n\t\t\t\t\t\t<\/div>\n\t\t\t\t<\/div>\n\t\t\t\t\t<\/div>\n\t\t<\/div>\n\t\t\t\t\t<\/div>\n\t\t<\/section>\n\t\t\t\t<section class=\"elementor-section elementor-top-section elementor-element elementor-element-a8aad87 elementor-section-boxed elementor-section-height-default elementor-section-height-default\" data-id=\"a8aad87\" data-element_type=\"section\">\n\t\t\t\t\t\t<div class=\"elementor-container elementor-column-gap-default\">\n\t\t\t\t\t<div class=\"elementor-column elementor-col-100 elementor-top-column elementor-element elementor-element-8f65e38\" data-id=\"8f65e38\" data-element_type=\"column\">\n\t\t\t<div class=\"elementor-widget-wrap elementor-element-populated\">\n\t\t\t\t\t\t<div class=\"elementor-element elementor-element-c10df1c elementor-widget-divider--view-line elementor-widget elementor-widget-divider\" data-id=\"c10df1c\" data-element_type=\"widget\" data-widget_type=\"divider.default\">\n\t\t\t\t<div class=\"elementor-widget-container\">\n\t\t\t\t\t\t\t<div class=\"elementor-divider\">\n\t\t\t<span class=\"elementor-divider-separator\">\n\t\t\t\t\t\t<\/span>\n\t\t<\/div>\n\t\t\t\t\t\t<\/div>\n\t\t\t\t<\/div>\n\t\t\t\t<div class=\"elementor-element elementor-element-befe1a9 elementor-widget elementor-widget-heading\" data-id=\"befe1a9\" data-element_type=\"widget\" data-widget_type=\"heading.default\">\n\t\t\t\t<div class=\"elementor-widget-container\">\n\t\t\t\t\t<h2 class=\"elementor-heading-title elementor-size-default\">Selection of talents we've worked with <\/h2>\t\t\t\t<\/div>\n\t\t\t\t<\/div>\n\t\t\t\t\t<\/div>\n\t\t<\/div>\n\t\t\t\t\t<\/div>\n\t\t<\/section>\n\t\t\t\t<section class=\"elementor-section elementor-top-section elementor-element elementor-element-252bee7 elementor-section-boxed elementor-section-height-default elementor-section-height-default\" data-id=\"252bee7\" data-element_type=\"section\">\n\t\t\t\t\t\t<div class=\"elementor-container elementor-column-gap-default\">\n\t\t\t\t\t<div class=\"elementor-column elementor-col-100 elementor-top-column elementor-element elementor-element-b8e6146\" data-id=\"b8e6146\" data-element_type=\"column\">\n\t\t\t<div class=\"elementor-widget-wrap elementor-element-populated\">\n\t\t\t\t\t\t<div class=\"elementor-element elementor-element-d223c7e elementor-widget elementor-widget-text-editor\" data-id=\"d223c7e\" data-element_type=\"widget\" data-widget_type=\"text-editor.default\">\n\t\t\t\t<div class=\"elementor-widget-container\">\n\t\t\t\t\t\t\t\t\t<h4><strong><span style=\"color: var( --e-global-color-text ); font-family: var( --e-global-typography-text-font-family ), Sans-serif;\">Steffen Freund, Karl-Heinz Riedle, Lothar Matth\u00e4us, Thomas Helmer, Giovane Elber, <\/span><\/strong><strong><span style=\"color: var( --e-global-color-text ); font-family: var( --e-global-typography-text-font-family ), Sans-serif;\">Mario G\u00f2mez, Sebastian Rode, <\/span><\/strong><strong><span style=\"color: var( --e-global-color-text ); font-family: var( --e-global-typography-text-font-family ), Sans-serif;\">Matthias Sammer, Jens Nowotny, Thomas Strunz, Christian Ziege, Mario Basler, J\u00f6rg Albertz, Richard Golz, Carsten Ramelow, Fredi Bobic, Marko Rehmer, Berti Vogts, Guido Buchwald, Hansi M\u00fcller, J\u00fcrgen Kohler, Olaf Thon, Rudi V\u00f6ller, Hans Meyer, Felix Magath, Stephan Kuntz, Bodo Illgner, Didi Hamann, Andreas M\u00f6ller, Christoph Daum, Benedikt H\u00f6wedes<\/span><\/strong><\/h4>\t\t\t\t\t\t\t\t<\/div>\n\t\t\t\t<\/div>\n\t\t\t\t\t<\/div>\n\t\t<\/div>\n\t\t\t\t\t<\/div>\n\t\t<\/section>\n\t\t\t\t<section class=\"elementor-section elementor-top-section elementor-element elementor-element-df358d4 elementor-section-boxed elementor-section-height-default elementor-section-height-default\" data-id=\"df358d4\" data-element_type=\"section\">\n\t\t\t\t\t\t<div class=\"elementor-container elementor-column-gap-default\">\n\t\t\t\t\t<div class=\"elementor-column elementor-col-100 elementor-top-column elementor-element elementor-element-3cd522c\" data-id=\"3cd522c\" data-element_type=\"column\">\n\t\t\t<div class=\"elementor-widget-wrap elementor-element-populated\">\n\t\t\t\t\t\t<div class=\"elementor-element elementor-element-7ac365a elementor-widget-divider--view-line elementor-widget elementor-widget-divider\" data-id=\"7ac365a\" data-element_type=\"widget\" data-widget_type=\"divider.default\">\n\t\t\t\t<div class=\"elementor-widget-container\">\n\t\t\t\t\t\t\t<div class=\"elementor-divider\">\n\t\t\t<span class=\"elementor-divider-separator\">\n\t\t\t\t\t\t<\/span>\n\t\t<\/div>\n\t\t\t\t\t\t<\/div>\n\t\t\t\t<\/div>\n\t\t\t\t<div class=\"elementor-element elementor-element-a06d9c6 elementor-widget elementor-widget-text-editor\" data-id=\"a06d9c6\" data-element_type=\"widget\" data-widget_type=\"text-editor.default\">\n\t\t\t\t<div class=\"elementor-widget-container\">\n\t\t\t\t\t\t\t\t\t<h4><strong><span style=\"color: var( --e-global-color-text ); font-family: var( --e-global-typography-text-font-family ), Sans-serif;\">Erik Meijer, <\/span><\/strong><strong><span style=\"color: var( --e-global-color-text ); font-family: var( --e-global-typography-text-font-family ), Sans-serif;\">Youri Mulder, Jan Age Fj\u00f8rtoft\u00a0Ronald de Boer,\u00a0Frank de Boer,\u00a0Miroslav Kadlec,\u00a0Flemming Povlsen,\u00a0Stig T\u00f6fting,\u00a0Kjetil Rekdal, Patrik Andersson,\u00a0Frank LeBoeuf,\u00a0Stephane Chapuisat,\u00a0Alain Sutter,\u00a0Christian Gross,\u00a0Roland Wohlfahrt,\u00a0Toni Polster,\u00a0Yildiray Bast\u00fcrk,\u00a0Benni McCarthy,\u00a0Tomasz Hajto,\u00a0Andrzej Juskowiak,\u00a0Viktor Skripnik, Michael Reizinger,\u00a0Owen Hargreaves,\u00a0Salvatore Schillaci,\u00a0Aaron Winter, Christian Karambeu,\u00a0Jean Marie-Pfaff.<\/span><\/strong><\/h4>\t\t\t\t\t\t\t\t<\/div>\n\t\t\t\t<\/div>\n\t\t\t\t<div class=\"elementor-element elementor-element-807395b elementor-widget-divider--view-line elementor-widget elementor-widget-divider\" data-id=\"807395b\" data-element_type=\"widget\" data-widget_type=\"divider.default\">\n\t\t\t\t<div class=\"elementor-widget-container\">\n\t\t\t\t\t\t\t<div class=\"elementor-divider\">\n\t\t\t<span class=\"elementor-divider-separator\">\n\t\t\t\t\t\t<\/span>\n\t\t<\/div>\n\t\t\t\t\t\t<\/div>\n\t\t\t\t<\/div>\n\t\t\t\t\t<\/div>\n\t\t<\/div>\n\t\t\t\t\t<\/div>\n\t\t<\/section>\n\t\t\t\t<section class=\"elementor-section elementor-top-section elementor-element elementor-element-ea18a29 elementor-section-boxed elementor-section-height-default elementor-section-height-default\" data-id=\"ea18a29\" data-element_type=\"section\">\n\t\t\t\t\t\t<div class=\"elementor-container elementor-column-gap-default\">\n\t\t\t\t\t<div class=\"elementor-column elementor-col-50 elementor-top-column elementor-element elementor-element-035c67b\" data-id=\"035c67b\" data-element_type=\"column\">\n\t\t\t<div class=\"elementor-widget-wrap elementor-element-populated\">\n\t\t\t\t\t\t<div class=\"elementor-element elementor-element-828351e elementor-widget elementor-widget-heading\" data-id=\"828351e\" data-element_type=\"widget\" data-widget_type=\"heading.default\">\n\t\t\t\t<div class=\"elementor-widget-container\">\n\t\t\t\t\t<h2 class=\"elementor-heading-title elementor-size-default\">Broadcasting-Partner<\/h2>\t\t\t\t<\/div>\n\t\t\t\t<\/div>\n\t\t\t\t<div class=\"elementor-element elementor-element-5d63df9 elementor-widget elementor-widget-text-editor\" data-id=\"5d63df9\" data-element_type=\"widget\" data-widget_type=\"text-editor.default\">\n\t\t\t\t<div class=\"elementor-widget-container\">\n\t\t\t\t\t\t\t\t\t<h1><strong>Specialized\u00a0in the provision\u00a0of top\u00a0talents\u00a0for tv broadcasters, corporate hospitality and events worldwide<br \/><\/strong><strong>DA-Sportsoffice represents a\u00a0network\u00a0go\u00a0high profiled football legends.\u00a0<\/strong><\/h1>\n<h1><strong>Working among others with partners like RTL, bein\u00a0sports, astro super sports, Servus TV, UEFA and DFL.<\/strong><\/h1>\n<div><strong>\u00a0<\/strong><\/div>\t\t\t\t\t\t\t\t<\/div>\n\t\t\t\t<\/div>\n\t\t\t\t<div class=\"elementor-element elementor-element-08c1d52 elementor-widget elementor-widget-image-gallery\" data-id=\"08c1d52\" data-element_type=\"widget\" data-widget_type=\"image-gallery.default\">\n\t\t\t\t<div class=\"elementor-widget-container\">\n\t\t\t\t\t\t\t<div class=\"elementor-image-gallery\">\n\t\t\t<div id='gallery-1' class='gallery galleryid-601 gallery-columns-4 gallery-size-thumbnail'><figure class='gallery-item'>\n\t\t\t<div class='gallery-icon landscape'>\n\t\t\t\t<a data-elementor-open-lightbox=\"yes\" data-elementor-lightbox-slideshow=\"08c1d52\" data-elementor-lightbox-title=\"RTL Logo 300\" data-e-action-hash=\"#elementor-action%3Aaction%3Dlightbox%26settings%3DeyJpZCI6NjU2LCJ1cmwiOiJodHRwczpcL1wvZGEtc3BvcnRzb2ZmaWNlLmRlXC93cC1jb250ZW50XC91cGxvYWRzXC8yMDIxXC8xMlwvUlRMLUxvZ28tMzAwLndlYnAiLCJzbGlkZXNob3ciOiIwOGMxZDUyIn0%3D\" href='https:\/\/da-sportsoffice.de\/wp-content\/uploads\/2021\/12\/RTL-Logo-300.webp'><img decoding=\"async\" width=\"150\" height=\"150\" src=\"https:\/\/da-sportsoffice.de\/wp-content\/uploads\/2021\/12\/RTL-Logo-300-150x150.webp\" class=\"attachment-thumbnail size-thumbnail\" alt=\"\" srcset=\"https:\/\/da-sportsoffice.de\/wp-content\/uploads\/2021\/12\/RTL-Logo-300-150x150.webp 150w, https:\/\/da-sportsoffice.de\/wp-content\/uploads\/2021\/12\/RTL-Logo-300.webp 300w\" sizes=\"(max-width: 150px) 100vw, 150px\" \/><\/a>\n\t\t\t<\/div><\/figure><figure class='gallery-item'>\n\t\t\t<div class='gallery-icon landscape'>\n\t\t\t\t<a data-elementor-open-lightbox=\"yes\" data-elementor-lightbox-slideshow=\"08c1d52\" data-elementor-lightbox-title=\"Servus TV 300\" data-e-action-hash=\"#elementor-action%3Aaction%3Dlightbox%26settings%3DeyJpZCI6NjU0LCJ1cmwiOiJodHRwczpcL1wvZGEtc3BvcnRzb2ZmaWNlLmRlXC93cC1jb250ZW50XC91cGxvYWRzXC8yMDIxXC8xMlwvU2VydnVzLVRWLTMwMC53ZWJwIiwic2xpZGVzaG93IjoiMDhjMWQ1MiJ9\" href='https:\/\/da-sportsoffice.de\/wp-content\/uploads\/2021\/12\/Servus-TV-300.webp'><img decoding=\"async\" width=\"150\" height=\"150\" src=\"https:\/\/da-sportsoffice.de\/wp-content\/uploads\/2021\/12\/Servus-TV-300-150x150.webp\" class=\"attachment-thumbnail size-thumbnail\" alt=\"\" srcset=\"https:\/\/da-sportsoffice.de\/wp-content\/uploads\/2021\/12\/Servus-TV-300-150x150.webp 150w, https:\/\/da-sportsoffice.de\/wp-content\/uploads\/2021\/12\/Servus-TV-300.webp 300w\" sizes=\"(max-width: 150px) 100vw, 150px\" \/><\/a>\n\t\t\t<\/div><\/figure><figure class='gallery-item'>\n\t\t\t<div class='gallery-icon landscape'>\n\t\t\t\t<a data-elementor-open-lightbox=\"yes\" data-elementor-lightbox-slideshow=\"08c1d52\" data-elementor-lightbox-title=\"Eurosport 300\" data-e-action-hash=\"#elementor-action%3Aaction%3Dlightbox%26settings%3DeyJpZCI6NjUzLCJ1cmwiOiJodHRwczpcL1wvZGEtc3BvcnRzb2ZmaWNlLmRlXC93cC1jb250ZW50XC91cGxvYWRzXC8yMDIxXC8xMlwvRXVyb3Nwb3J0LTMwMC53ZWJwIiwic2xpZGVzaG93IjoiMDhjMWQ1MiJ9\" href='https:\/\/da-sportsoffice.de\/wp-content\/uploads\/2021\/12\/Eurosport-300.webp'><img loading=\"lazy\" decoding=\"async\" width=\"150\" height=\"150\" src=\"https:\/\/da-sportsoffice.de\/wp-content\/uploads\/2021\/12\/Eurosport-300-150x150.webp\" class=\"attachment-thumbnail size-thumbnail\" alt=\"\" srcset=\"https:\/\/da-sportsoffice.de\/wp-content\/uploads\/2021\/12\/Eurosport-300-150x150.webp 150w, https:\/\/da-sportsoffice.de\/wp-content\/uploads\/2021\/12\/Eurosport-300.webp 300w\" sizes=\"(max-width: 150px) 100vw, 150px\" \/><\/a>\n\t\t\t<\/div><\/figure><figure class='gallery-item'>\n\t\t\t<div class='gallery-icon landscape'>\n\t\t\t\t<a data-elementor-open-lightbox=\"yes\" data-elementor-lightbox-slideshow=\"08c1d52\" data-elementor-lightbox-title=\"Nitro 300\" data-e-action-hash=\"#elementor-action%3Aaction%3Dlightbox%26settings%3DeyJpZCI6NjUyLCJ1cmwiOiJodHRwczpcL1wvZGEtc3BvcnRzb2ZmaWNlLmRlXC93cC1jb250ZW50XC91cGxvYWRzXC8yMDIxXC8xMlwvTml0cm8tMzAwLndlYnAiLCJzbGlkZXNob3ciOiIwOGMxZDUyIn0%3D\" href='https:\/\/da-sportsoffice.de\/wp-content\/uploads\/2021\/12\/Nitro-300.webp'><img loading=\"lazy\" decoding=\"async\" width=\"150\" height=\"150\" src=\"https:\/\/da-sportsoffice.de\/wp-content\/uploads\/2021\/12\/Nitro-300-150x150.webp\" class=\"attachment-thumbnail size-thumbnail\" alt=\"\" srcset=\"https:\/\/da-sportsoffice.de\/wp-content\/uploads\/2021\/12\/Nitro-300-150x150.webp 150w, https:\/\/da-sportsoffice.de\/wp-content\/uploads\/2021\/12\/Nitro-300.webp 300w\" sizes=\"(max-width: 150px) 100vw, 150px\" \/><\/a>\n\t\t\t<\/div><\/figure><figure class='gallery-item'>\n\t\t\t<div class='gallery-icon landscape'>\n\t\t\t\t<a data-elementor-open-lightbox=\"yes\" data-elementor-lightbox-slideshow=\"08c1d52\" data-elementor-lightbox-title=\"Bein300\" data-e-action-hash=\"#elementor-action%3Aaction%3Dlightbox%26settings%3DeyJpZCI6NjUxLCJ1cmwiOiJodHRwczpcL1wvZGEtc3BvcnRzb2ZmaWNlLmRlXC93cC1jb250ZW50XC91cGxvYWRzXC8yMDIxXC8xMlwvQmVpbjMwMC53ZWJwIiwic2xpZGVzaG93IjoiMDhjMWQ1MiJ9\" href='https:\/\/da-sportsoffice.de\/wp-content\/uploads\/2021\/12\/Bein300.webp'><img loading=\"lazy\" decoding=\"async\" width=\"150\" height=\"150\" src=\"https:\/\/da-sportsoffice.de\/wp-content\/uploads\/2021\/12\/Bein300-150x150.webp\" class=\"attachment-thumbnail size-thumbnail\" alt=\"\" srcset=\"https:\/\/da-sportsoffice.de\/wp-content\/uploads\/2021\/12\/Bein300-150x150.webp 150w, https:\/\/da-sportsoffice.de\/wp-content\/uploads\/2021\/12\/Bein300.webp 300w\" sizes=\"(max-width: 150px) 100vw, 150px\" \/><\/a>\n\t\t\t<\/div><\/figure><figure class='gallery-item'>\n\t\t\t<div class='gallery-icon landscape'>\n\t\t\t\t<a data-elementor-open-lightbox=\"yes\" data-elementor-lightbox-slideshow=\"08c1d52\" data-elementor-lightbox-title=\"DFL Digital 300\" data-e-action-hash=\"#elementor-action%3Aaction%3Dlightbox%26settings%3DeyJpZCI6NjUwLCJ1cmwiOiJodHRwczpcL1wvZGEtc3BvcnRzb2ZmaWNlLmRlXC93cC1jb250ZW50XC91cGxvYWRzXC8yMDIxXC8xMlwvREZMLURpZ2l0YWwtMzAwLndlYnAiLCJzbGlkZXNob3ciOiIwOGMxZDUyIn0%3D\" href='https:\/\/da-sportsoffice.de\/wp-content\/uploads\/2021\/12\/DFL-Digital-300.webp'><img loading=\"lazy\" decoding=\"async\" width=\"150\" height=\"150\" src=\"https:\/\/da-sportsoffice.de\/wp-content\/uploads\/2021\/12\/DFL-Digital-300-150x150.webp\" class=\"attachment-thumbnail size-thumbnail\" alt=\"\" srcset=\"https:\/\/da-sportsoffice.de\/wp-content\/uploads\/2021\/12\/DFL-Digital-300-150x150.webp 150w, https:\/\/da-sportsoffice.de\/wp-content\/uploads\/2021\/12\/DFL-Digital-300.webp 300w\" sizes=\"(max-width: 150px) 100vw, 150px\" \/><\/a>\n\t\t\t<\/div><\/figure><figure class='gallery-item'>\n\t\t\t<div class='gallery-icon landscape'>\n\t\t\t\t<a data-elementor-open-lightbox=\"yes\" data-elementor-lightbox-slideshow=\"08c1d52\" data-elementor-lightbox-title=\"BT Sport\" data-e-action-hash=\"#elementor-action%3Aaction%3Dlightbox%26settings%3DeyJpZCI6NjQ5LCJ1cmwiOiJodHRwczpcL1wvZGEtc3BvcnRzb2ZmaWNlLmRlXC93cC1jb250ZW50XC91cGxvYWRzXC8yMDIxXC8xMlwvQlQtU3BvcnQud2VicCIsInNsaWRlc2hvdyI6IjA4YzFkNTIifQ%3D%3D\" href='https:\/\/da-sportsoffice.de\/wp-content\/uploads\/2021\/12\/BT-Sport.webp'><img loading=\"lazy\" decoding=\"async\" width=\"150\" height=\"150\" src=\"https:\/\/da-sportsoffice.de\/wp-content\/uploads\/2021\/12\/BT-Sport-150x150.webp\" class=\"attachment-thumbnail size-thumbnail\" alt=\"\" srcset=\"https:\/\/da-sportsoffice.de\/wp-content\/uploads\/2021\/12\/BT-Sport-150x150.webp 150w, https:\/\/da-sportsoffice.de\/wp-content\/uploads\/2021\/12\/BT-Sport.webp 300w\" sizes=\"(max-width: 150px) 100vw, 150px\" \/><\/a>\n\t\t\t<\/div><\/figure><figure class='gallery-item'>\n\t\t\t<div class='gallery-icon landscape'>\n\t\t\t\t<a data-elementor-open-lightbox=\"yes\" data-elementor-lightbox-slideshow=\"08c1d52\" data-elementor-lightbox-title=\"astro\" data-e-action-hash=\"#elementor-action%3Aaction%3Dlightbox%26settings%3DeyJpZCI6NjQ4LCJ1cmwiOiJodHRwczpcL1wvZGEtc3BvcnRzb2ZmaWNlLmRlXC93cC1jb250ZW50XC91cGxvYWRzXC8yMDIxXC8xMlwvYXN0cm8ud2VicCIsInNsaWRlc2hvdyI6IjA4YzFkNTIifQ%3D%3D\" href='https:\/\/da-sportsoffice.de\/wp-content\/uploads\/2021\/12\/astro.webp'><img loading=\"lazy\" decoding=\"async\" width=\"150\" height=\"150\" src=\"https:\/\/da-sportsoffice.de\/wp-content\/uploads\/2021\/12\/astro-150x150.webp\" class=\"attachment-thumbnail size-thumbnail\" alt=\"\" srcset=\"https:\/\/da-sportsoffice.de\/wp-content\/uploads\/2021\/12\/astro-150x150.webp 150w, https:\/\/da-sportsoffice.de\/wp-content\/uploads\/2021\/12\/astro.webp 300w\" sizes=\"(max-width: 150px) 100vw, 150px\" \/><\/a>\n\t\t\t<\/div><\/figure><figure class='gallery-item'>\n\t\t\t<div class='gallery-icon landscape'>\n\t\t\t\t<a data-elementor-open-lightbox=\"yes\" data-elementor-lightbox-slideshow=\"08c1d52\" data-elementor-lightbox-title=\"UEFA Logo 300\" data-e-action-hash=\"#elementor-action%3Aaction%3Dlightbox%26settings%3DeyJpZCI6NjU1LCJ1cmwiOiJodHRwczpcL1wvZGEtc3BvcnRzb2ZmaWNlLmRlXC93cC1jb250ZW50XC91cGxvYWRzXC8yMDIxXC8xMlwvVUVGQS1Mb2dvLTMwMC53ZWJwIiwic2xpZGVzaG93IjoiMDhjMWQ1MiJ9\" href='https:\/\/da-sportsoffice.de\/wp-content\/uploads\/2021\/12\/UEFA-Logo-300.webp'><img loading=\"lazy\" decoding=\"async\" width=\"150\" height=\"150\" src=\"https:\/\/da-sportsoffice.de\/wp-content\/uploads\/2021\/12\/UEFA-Logo-300-150x150.webp\" class=\"attachment-thumbnail size-thumbnail\" alt=\"\" srcset=\"https:\/\/da-sportsoffice.de\/wp-content\/uploads\/2021\/12\/UEFA-Logo-300-150x150.webp 150w, https:\/\/da-sportsoffice.de\/wp-content\/uploads\/2021\/12\/UEFA-Logo-300.webp 300w\" sizes=\"(max-width: 150px) 100vw, 150px\" \/><\/a>\n\t\t\t<\/div><\/figure><figure class='gallery-item'>\n\t\t\t<div class='gallery-icon landscape'>\n\t\t\t\t<a data-elementor-open-lightbox=\"yes\" data-elementor-lightbox-slideshow=\"08c1d52\" data-elementor-lightbox-title=\"logo-espn-01\" data-e-action-hash=\"#elementor-action%3Aaction%3Dlightbox%26settings%3DeyJpZCI6MTIyMywidXJsIjoiaHR0cHM6XC9cL2RhLXNwb3J0c29mZmljZS5kZVwvd3AtY29udGVudFwvdXBsb2Fkc1wvMjAyNlwvMDFcL2xvZ28tZXNwbi0wMS5wbmciLCJzbGlkZXNob3ciOiIwOGMxZDUyIn0%3D\" href='https:\/\/da-sportsoffice.de\/wp-content\/uploads\/2026\/01\/logo-espn-01.png'><img loading=\"lazy\" decoding=\"async\" width=\"150\" height=\"150\" src=\"https:\/\/da-sportsoffice.de\/wp-content\/uploads\/2026\/01\/logo-espn-01-150x150.png\" class=\"attachment-thumbnail size-thumbnail\" alt=\"\" srcset=\"https:\/\/da-sportsoffice.de\/wp-content\/uploads\/2026\/01\/logo-espn-01-150x150.png 150w, https:\/\/da-sportsoffice.de\/wp-content\/uploads\/2026\/01\/logo-espn-01-300x300.png 300w, https:\/\/da-sportsoffice.de\/wp-content\/uploads\/2026\/01\/logo-espn-01.png 500w\" sizes=\"(max-width: 150px) 100vw, 150px\" \/><\/a>\n\t\t\t<\/div><\/figure>\n\t\t<\/div>\n\t\t<\/div>\n\t\t\t\t\t\t<\/div>\n\t\t\t\t<\/div>\n\t\t\t\t\t<\/div>\n\t\t<\/div>\n\t\t\t\t<div class=\"elementor-column elementor-col-50 elementor-top-column elementor-element elementor-element-cfb808f\" data-id=\"cfb808f\" data-element_type=\"column\">\n\t\t\t<div class=\"elementor-widget-wrap\">\n\t\t\t\t\t\t\t<\/div>\n\t\t<\/div>\n\t\t\t\t\t<\/div>\n\t\t<\/section>\n\t\t\t\t<\/div>\n\t\t","protected":false},"excerpt":{"rendered":"<p>Selection of talents we&#8217;ve worked with Steffen Freund, Karl-Heinz Riedle, Lothar Matth\u00e4us, Thomas Helmer, Giovane Elber, Mario G\u00f2mez, Sebastian Rode, Matthias Sammer, Jens Nowotny, Thomas&hellip;<\/p>\n","protected":false},"author":1,"featured_media":4,"parent":0,"menu_order":0,"comment_status":"closed","ping_status":"closed","template":"elementor_theme","meta":{"footnotes":""},"class_list":["post-601","page","type-page","status-publish","has-post-thumbnail","hentry"],"aioseo_notices":[],"_links":{"self":[{"href":"https:\/\/da-sportsoffice.de\/index.php\/wp-json\/wp\/v2\/pages\/601","targetHints":{"allow":["GET"]}}],"collection":[{"href":"https:\/\/da-sportsoffice.de\/index.php\/wp-json\/wp\/v2\/pages"}],"about":[{"href":"https:\/\/da-sportsoffice.de\/index.php\/wp-json\/wp\/v2\/types\/page"}],"author":[{"embeddable":true,"href":"https:\/\/da-sportsoffice.de\/index.php\/wp-json\/wp\/v2\/users\/1"}],"replies":[{"embeddable":true,"href":"https:\/\/da-sportsoffice.de\/index.php\/wp-json\/wp\/v2\/comments?post=601"}],"version-history":[{"count":78,"href":"https:\/\/da-sportsoffice.de\/index.php\/wp-json\/wp\/v2\/pages\/601\/revisions"}],"predecessor-version":[{"id":1233,"href":"https:\/\/da-sportsoffice.de\/index.php\/wp-json\/wp\/v2\/pages\/601\/revisions\/1233"}],"wp:featuredmedia":[{"embeddable":true,"href":"https:\/\/da-sportsoffice.de\/index.php\/wp-json\/wp\/v2\/media\/4"}],"wp:attachment":[{"href":"https:\/\/da-sportsoffice.de\/index.php\/wp-json\/wp\/v2\/media?parent=601"}],"curies":[{"name":"wp","href":"https:\/\/api.w.org\/{rel}","templated":true}]}}