{"id":546,"date":"2021-11-25T16:48:09","date_gmt":"2021-11-25T15:48:09","guid":{"rendered":"http:\/\/da-sportsoffice.de\/?page_id=546"},"modified":"2025-06-04T17:10:23","modified_gmt":"2025-06-04T15:10:23","slug":"steffen-freund","status":"publish","type":"page","link":"https:\/\/da-sportsoffice.de\/index.php\/steffen-freund\/","title":{"rendered":"Steffen Freund"},"content":{"rendered":"\t\t<div data-elementor-type=\"wp-page\" data-elementor-id=\"546\" class=\"elementor elementor-546\" data-elementor-post-type=\"page\">\n\t\t\t\t\t\t<section class=\"elementor-section elementor-top-section elementor-element elementor-element-8c82872 elementor-section-boxed elementor-section-height-default elementor-section-height-default\" data-id=\"8c82872\" data-element_type=\"section\">\n\t\t\t\t\t\t<div class=\"elementor-container elementor-column-gap-default\">\n\t\t\t\t\t<div class=\"elementor-column elementor-col-100 elementor-top-column elementor-element elementor-element-9093cb2\" data-id=\"9093cb2\" data-element_type=\"column\">\n\t\t\t<div class=\"elementor-widget-wrap elementor-element-populated\">\n\t\t\t\t\t\t<div class=\"elementor-element elementor-element-43b6327 elementor-widget elementor-widget-image\" data-id=\"43b6327\" data-element_type=\"widget\" data-widget_type=\"image.default\">\n\t\t\t\t<div class=\"elementor-widget-container\">\n\t\t\t\t\t\t\t\t\t\t\t\t\t\t\t<img decoding=\"async\" width=\"300\" height=\"48\" src=\"https:\/\/da-sportsoffice.de\/wp-content\/uploads\/2021\/09\/logo_sportsoffice-neu-300x48.jpg\" class=\"attachment-medium size-medium wp-image-4\" alt=\"\" srcset=\"https:\/\/da-sportsoffice.de\/wp-content\/uploads\/2021\/09\/logo_sportsoffice-neu-300x48.jpg 300w, https:\/\/da-sportsoffice.de\/wp-content\/uploads\/2021\/09\/logo_sportsoffice-neu-1024x163.jpg 1024w, https:\/\/da-sportsoffice.de\/wp-content\/uploads\/2021\/09\/logo_sportsoffice-neu-768x123.jpg 768w, https:\/\/da-sportsoffice.de\/wp-content\/uploads\/2021\/09\/logo_sportsoffice-neu-1536x245.jpg 1536w, https:\/\/da-sportsoffice.de\/wp-content\/uploads\/2021\/09\/logo_sportsoffice-neu-1568x250.jpg 1568w, https:\/\/da-sportsoffice.de\/wp-content\/uploads\/2021\/09\/logo_sportsoffice-neu.jpg 1754w\" sizes=\"(max-width: 300px) 100vw, 300px\" \/>\t\t\t\t\t\t\t\t\t\t\t\t\t\t\t<\/div>\n\t\t\t\t<\/div>\n\t\t\t\t<div class=\"elementor-element elementor-element-3e59c3d elementor-widget elementor-widget-spacer\" data-id=\"3e59c3d\" data-element_type=\"widget\" data-widget_type=\"spacer.default\">\n\t\t\t\t<div class=\"elementor-widget-container\">\n\t\t\t\t\t\t\t<div class=\"elementor-spacer\">\n\t\t\t<div class=\"elementor-spacer-inner\"><\/div>\n\t\t<\/div>\n\t\t\t\t\t\t<\/div>\n\t\t\t\t<\/div>\n\t\t\t\t\t<\/div>\n\t\t<\/div>\n\t\t\t\t\t<\/div>\n\t\t<\/section>\n\t\t\t\t<section class=\"elementor-section elementor-top-section elementor-element elementor-element-97bbfae elementor-section-boxed elementor-section-height-default elementor-section-height-default\" data-id=\"97bbfae\" data-element_type=\"section\">\n\t\t\t\t\t\t<div class=\"elementor-container elementor-column-gap-default\">\n\t\t\t\t\t<div class=\"elementor-column elementor-col-33 elementor-top-column elementor-element elementor-element-7480a75\" data-id=\"7480a75\" data-element_type=\"column\">\n\t\t\t<div class=\"elementor-widget-wrap elementor-element-populated\">\n\t\t\t\t\t\t<div class=\"elementor-element elementor-element-7014d6a elementor-widget elementor-widget-image\" data-id=\"7014d6a\" data-element_type=\"widget\" data-widget_type=\"image.default\">\n\t\t\t\t<div class=\"elementor-widget-container\">\n\t\t\t\t\t\t\t\t\t\t\t\t\t\t\t<img fetchpriority=\"high\" decoding=\"async\" width=\"843\" height=\"563\" src=\"https:\/\/da-sportsoffice.de\/wp-content\/uploads\/2024\/02\/IMG_1795-1024x684.jpeg\" class=\"attachment-large size-large wp-image-880\" alt=\"\" srcset=\"https:\/\/da-sportsoffice.de\/wp-content\/uploads\/2024\/02\/IMG_1795-1024x684.jpeg 1024w, https:\/\/da-sportsoffice.de\/wp-content\/uploads\/2024\/02\/IMG_1795-300x200.jpeg 300w, https:\/\/da-sportsoffice.de\/wp-content\/uploads\/2024\/02\/IMG_1795-768x513.jpeg 768w, https:\/\/da-sportsoffice.de\/wp-content\/uploads\/2024\/02\/IMG_1795.jpeg 1080w\" sizes=\"(max-width: 843px) 100vw, 843px\" \/>\t\t\t\t\t\t\t\t\t\t\t\t\t\t\t<\/div>\n\t\t\t\t<\/div>\n\t\t\t\t\t<\/div>\n\t\t<\/div>\n\t\t\t\t<div class=\"elementor-column elementor-col-66 elementor-top-column elementor-element elementor-element-f5be34d\" data-id=\"f5be34d\" data-element_type=\"column\">\n\t\t\t<div class=\"elementor-widget-wrap elementor-element-populated\">\n\t\t\t\t\t\t<div class=\"elementor-element elementor-element-7b4be8f elementor-widget elementor-widget-heading\" data-id=\"7b4be8f\" data-element_type=\"widget\" data-widget_type=\"heading.default\">\n\t\t\t\t<div class=\"elementor-widget-container\">\n\t\t\t\t\t<h5 class=\"elementor-heading-title elementor-size-default\"><span style=\"font-size: 27.887998580932617px\">Steffen Freund<\/span><\/h5>\t\t\t\t<\/div>\n\t\t\t\t<\/div>\n\t\t\t\t<div class=\"elementor-element elementor-element-b6ebc1b elementor-widget elementor-widget-text-editor\" data-id=\"b6ebc1b\" data-element_type=\"widget\" data-widget_type=\"text-editor.default\">\n\t\t\t\t<div class=\"elementor-widget-container\">\n\t\t\t\t\t\t\t\t\t<div><p class=\"p1\"><span class=\"s1\">Der in Brandenburg an der Havel geborene Steffen Freund begann seine Karriere bei der BSG Stahl Brandenburg.<\/span><\/p><\/div><div><p class=\"p1\"><span class=\"s1\">1991 wechselte er aus der DDR- in die Fu\u00dfball-Bundesliga zum FC Schalke 04, wo er schnell zu einem der wichtigsten defensiven Mittelfeldspieler avancierte. Es folgte 1993 der Wechsel zum Erzrivalen Borussia Dortmund. Dort verbringt er seine erfolgreichste Zeit und bestreitet bis 1999 insgesamt 117 Bundesliga-Spiele. Mit dem BVB wurde Steffen Freund zweimal Deutscher Meister (1995 und 1996), Champions League- (1997) sowie Weltpokalsieger (1997).<\/span><br \/><span class=\"s1\">Im Januar 1999 unterschrieb der Brandenburger bei Tottenham Hotspur und wechselte in die englische Premier League. 2004 beendet er seine aktive Karriere bei Leicester.<\/span><\/p><\/div><div><p class=\"p1\"><span class=\"s1\">Steffen Freund absolvierte 21 L\u00e4nderspiele f\u00fcr die deutsche Fu\u00dfballnationalmannschaft, schoss dabei neun Tore und gewann mit dem Team die Fu\u00dfball-Europameisterschaft 1996 in England.<\/span><\/p><\/div><div><p class=\"p1\"><span class=\"s1\">Heute ist Steffen Freund, der 2009 seine Ausbildung zum Fu\u00dfballlehrer abschloss und Inhaber der Pro-License ist, ein gefragter, weil meinungsstarker, Fu\u00dfballexperte.F\u00fcr die DFL International ist er Co-Kommentator bei zahlreichen Top-Spielen der Bundesliga, f\u00fcr Servus TV ist er in der UEFA Champions League im Einsatz und f\u00fcr die RTL Mediengruppe analysiert und kommentiert er die Spiele der Nationalmannschaft und die Partien der UEFA Europa League.<\/span><\/p><\/div><div><p class=\"p1\"><span class=\"s1\">Auch internationale Sender wie Bein Sports, Astro SuperSport, EuroSport International, BT UK und vertrauen regelm\u00e4\u00dfig auf die Expertise des 52-j\u00e4hrigen.<\/span><\/p><\/div>\t\t\t\t\t\t\t\t<\/div>\n\t\t\t\t<\/div>\n\t\t\t\t<div class=\"elementor-element elementor-element-48b2272 elementor-icon-list--layout-inline elementor-align-left elementor-list-item-link-inline elementor-widget elementor-widget-icon-list\" data-id=\"48b2272\" data-element_type=\"widget\" data-widget_type=\"icon-list.default\">\n\t\t\t\t<div class=\"elementor-widget-container\">\n\t\t\t\t\t\t\t<ul class=\"elementor-icon-list-items elementor-inline-items\">\n\t\t\t\t\t\t\t<li class=\"elementor-icon-list-item elementor-inline-item\">\n\t\t\t\t\t\t\t\t\t\t\t<a href=\"http:\/\/www.twitter.com\/steffenfreund\/\">\n\n\t\t\t\t\t\t\t\t\t\t\t\t<span class=\"elementor-icon-list-icon\">\n\t\t\t\t\t\t\t<i aria-hidden=\"true\" class=\"fab fa-twitter\"><\/i>\t\t\t\t\t\t<\/span>\n\t\t\t\t\t\t\t\t\t\t<span class=\"elementor-icon-list-text\">16k<\/span>\n\t\t\t\t\t\t\t\t\t\t\t<\/a>\n\t\t\t\t\t\t\t\t\t<\/li>\n\t\t\t\t\t\t\t\t<li class=\"elementor-icon-list-item elementor-inline-item\">\n\t\t\t\t\t\t\t\t\t\t\t<a href=\"https:\/\/www.steffenfreund.com\">\n\n\t\t\t\t\t\t\t\t\t\t\t\t<span class=\"elementor-icon-list-icon\">\n\t\t\t\t\t\t\t<i aria-hidden=\"true\" class=\"fas fa-home\"><\/i>\t\t\t\t\t\t<\/span>\n\t\t\t\t\t\t\t\t\t\t<span class=\"elementor-icon-list-text\">steffen.freund.com<\/span>\n\t\t\t\t\t\t\t\t\t\t\t<\/a>\n\t\t\t\t\t\t\t\t\t<\/li>\n\t\t\t\t\t\t\t\t<li class=\"elementor-icon-list-item elementor-inline-item\">\n\t\t\t\t\t\t\t\t\t\t\t<a href=\"https:\/\/da-sportsoffice.de\/index.php\/contact\/\">\n\n\t\t\t\t\t\t\t\t\t\t\t\t<span class=\"elementor-icon-list-icon\">\n\t\t\t\t\t\t\t<i aria-hidden=\"true\" class=\"fas fa-mail-bulk\"><\/i>\t\t\t\t\t\t<\/span>\n\t\t\t\t\t\t\t\t\t\t<span class=\"elementor-icon-list-text\">contact<\/span>\n\t\t\t\t\t\t\t\t\t\t\t<\/a>\n\t\t\t\t\t\t\t\t\t<\/li>\n\t\t\t\t\t\t<\/ul>\n\t\t\t\t\t\t<\/div>\n\t\t\t\t<\/div>\n\t\t\t\t\t<\/div>\n\t\t<\/div>\n\t\t\t\t\t<\/div>\n\t\t<\/section>\n\t\t\t\t<section class=\"elementor-section elementor-top-section elementor-element elementor-element-db3d813 elementor-section-boxed elementor-section-height-default elementor-section-height-default\" data-id=\"db3d813\" data-element_type=\"section\">\n\t\t\t\t\t\t<div class=\"elementor-container elementor-column-gap-default\">\n\t\t\t\t\t<div class=\"elementor-column elementor-col-100 elementor-top-column elementor-element elementor-element-f0fd656\" data-id=\"f0fd656\" data-element_type=\"column\">\n\t\t\t<div class=\"elementor-widget-wrap elementor-element-populated\">\n\t\t\t\t\t\t<div class=\"elementor-element elementor-element-e250e37 elementor-widget elementor-widget-image-gallery\" data-id=\"e250e37\" data-element_type=\"widget\" data-widget_type=\"image-gallery.default\">\n\t\t\t\t<div class=\"elementor-widget-container\">\n\t\t\t\t\t\t\t<div class=\"elementor-image-gallery\">\n\t\t\t<div id='gallery-1' class='gallery galleryid-546 gallery-columns-3 gallery-size-medium'><figure class='gallery-item'>\n\t\t\t<div class='gallery-icon portrait'>\n\t\t\t\t<a data-elementor-open-lightbox=\"yes\" data-elementor-lightbox-slideshow=\"e250e37\" data-elementor-lightbox-title=\"Dual-Commentary Steffen Freund mit Marco Hagemann\" data-e-action-hash=\"#elementor-action%3Aaction%3Dlightbox%26settings%3DeyJpZCI6NzA5LCJ1cmwiOiJodHRwczpcL1wvZGEtc3BvcnRzb2ZmaWNlLmRlXC93cC1jb250ZW50XC91cGxvYWRzXC8yMDIyXC8wMVwvSU1HXzAxNjAuanBnIiwic2xpZGVzaG93IjoiZTI1MGUzNyJ9\" href='https:\/\/da-sportsoffice.de\/wp-content\/uploads\/2022\/01\/IMG_0160.jpg'><img decoding=\"async\" width=\"296\" height=\"300\" src=\"https:\/\/da-sportsoffice.de\/wp-content\/uploads\/2022\/01\/IMG_0160-296x300.jpg\" class=\"attachment-medium size-medium\" alt=\"\" aria-describedby=\"gallery-1-709\" srcset=\"https:\/\/da-sportsoffice.de\/wp-content\/uploads\/2022\/01\/IMG_0160-296x300.jpg 296w, https:\/\/da-sportsoffice.de\/wp-content\/uploads\/2022\/01\/IMG_0160-1011x1024.jpg 1011w, https:\/\/da-sportsoffice.de\/wp-content\/uploads\/2022\/01\/IMG_0160-768x778.jpg 768w, https:\/\/da-sportsoffice.de\/wp-content\/uploads\/2022\/01\/IMG_0160.jpg 1058w\" sizes=\"(max-width: 296px) 100vw, 296px\" \/><\/a>\n\t\t\t<\/div>\n\t\t\t\t<figcaption class='wp-caption-text gallery-caption' id='gallery-1-709'>\n\t\t\t\tUEFA Europa League bei RTL \nSteffen Freund mit Marco Hagemann\n\t\t\t\t<\/figcaption><\/figure><figure class='gallery-item'>\n\t\t\t<div class='gallery-icon landscape'>\n\t\t\t\t<a data-elementor-open-lightbox=\"yes\" data-elementor-lightbox-slideshow=\"e250e37\" data-elementor-lightbox-title=\"UEFA EURO 2024 bei Servus TV\" data-e-action-hash=\"#elementor-action%3Aaction%3Dlightbox%26settings%3DeyJpZCI6MTEyMywidXJsIjoiaHR0cHM6XC9cL2RhLXNwb3J0c29mZmljZS5kZVwvd3AtY29udGVudFwvdXBsb2Fkc1wvMjAyNFwvMTBcL0lNR18yODQzLmpwZyIsInNsaWRlc2hvdyI6ImUyNTBlMzcifQ%3D%3D\" href='https:\/\/da-sportsoffice.de\/wp-content\/uploads\/2024\/10\/IMG_2843.jpg'><img loading=\"lazy\" decoding=\"async\" width=\"300\" height=\"225\" src=\"https:\/\/da-sportsoffice.de\/wp-content\/uploads\/2024\/10\/IMG_2843-300x225.jpg\" class=\"attachment-medium size-medium\" alt=\"\" aria-describedby=\"gallery-1-1123\" srcset=\"https:\/\/da-sportsoffice.de\/wp-content\/uploads\/2024\/10\/IMG_2843-300x225.jpg 300w, https:\/\/da-sportsoffice.de\/wp-content\/uploads\/2024\/10\/IMG_2843-1024x768.jpg 1024w, https:\/\/da-sportsoffice.de\/wp-content\/uploads\/2024\/10\/IMG_2843-768x576.jpg 768w, https:\/\/da-sportsoffice.de\/wp-content\/uploads\/2024\/10\/IMG_2843.jpg 1323w\" sizes=\"(max-width: 300px) 100vw, 300px\" \/><\/a>\n\t\t\t<\/div>\n\t\t\t\t<figcaption class='wp-caption-text gallery-caption' id='gallery-1-1123'>\n\t\t\t\tModeratorin Alina Marc mit den ServusTV-Experten Jan Age Fjortoft und Steffen Freund \n\t\t\t\t<\/figcaption><\/figure><figure class='gallery-item'>\n\t\t\t<div class='gallery-icon landscape'>\n\t\t\t\t<a data-elementor-open-lightbox=\"yes\" data-elementor-lightbox-slideshow=\"e250e37\" data-elementor-lightbox-title=\"Cafu und Steffen Freund\" data-e-action-hash=\"#elementor-action%3Aaction%3Dlightbox%26settings%3DeyJpZCI6OTYyLCJ1cmwiOiJodHRwczpcL1wvZGEtc3BvcnRzb2ZmaWNlLmRlXC93cC1jb250ZW50XC91cGxvYWRzXC8yMDI0XC8wOFwvSU1HXzI0ODYtc2NhbGVkLmpwZWciLCJzbGlkZXNob3ciOiJlMjUwZTM3In0%3D\" href='https:\/\/da-sportsoffice.de\/wp-content\/uploads\/2024\/08\/IMG_2486-scaled.jpeg'><img loading=\"lazy\" decoding=\"async\" width=\"300\" height=\"300\" src=\"https:\/\/da-sportsoffice.de\/wp-content\/uploads\/2024\/08\/IMG_2486-300x300.jpeg\" class=\"attachment-medium size-medium\" alt=\"\" aria-describedby=\"gallery-1-962\" srcset=\"https:\/\/da-sportsoffice.de\/wp-content\/uploads\/2024\/08\/IMG_2486-300x300.jpeg 300w, https:\/\/da-sportsoffice.de\/wp-content\/uploads\/2024\/08\/IMG_2486-1024x1024.jpeg 1024w, https:\/\/da-sportsoffice.de\/wp-content\/uploads\/2024\/08\/IMG_2486-150x150.jpeg 150w, https:\/\/da-sportsoffice.de\/wp-content\/uploads\/2024\/08\/IMG_2486-768x768.jpeg 768w, https:\/\/da-sportsoffice.de\/wp-content\/uploads\/2024\/08\/IMG_2486-1536x1536.jpeg 1536w, https:\/\/da-sportsoffice.de\/wp-content\/uploads\/2024\/08\/IMG_2486-2048x2048.jpeg 2048w\" sizes=\"(max-width: 300px) 100vw, 300px\" \/><\/a>\n\t\t\t<\/div>\n\t\t\t\t<figcaption class='wp-caption-text gallery-caption' id='gallery-1-962'>\n\t\t\t\tUEFA Ultimate Champions Match &#8211; London 2024\n\t\t\t\t<\/figcaption><\/figure>\n\t\t<\/div>\n\t\t<\/div>\n\t\t\t\t\t\t<\/div>\n\t\t\t\t<\/div>\n\t\t\t\t\t<\/div>\n\t\t<\/div>\n\t\t\t\t\t<\/div>\n\t\t<\/section>\n\t\t\t\t<section class=\"elementor-section elementor-top-section elementor-element elementor-element-38870ea elementor-section-boxed elementor-section-height-default elementor-section-height-default\" data-id=\"38870ea\" data-element_type=\"section\">\n\t\t\t\t\t\t<div class=\"elementor-container elementor-column-gap-default\">\n\t\t\t\t\t<div class=\"elementor-column elementor-col-100 elementor-top-column elementor-element elementor-element-3500d86\" data-id=\"3500d86\" data-element_type=\"column\">\n\t\t\t<div class=\"elementor-widget-wrap elementor-element-populated\">\n\t\t\t\t\t\t<div class=\"elementor-element elementor-element-38621e4 elementor-widget elementor-widget-heading\" data-id=\"38621e4\" data-element_type=\"widget\" data-widget_type=\"heading.default\">\n\t\t\t\t<div class=\"elementor-widget-container\">\n\t\t\t\t\t<h2 class=\"elementor-heading-title elementor-size-default\">UEFA Euro 2024 - Best of Jan Age und Steffen bei Servus TV<\/h2>\t\t\t\t<\/div>\n\t\t\t\t<\/div>\n\t\t\t\t<div class=\"elementor-element elementor-element-42b80ea elementor-widget elementor-widget-video\" data-id=\"42b80ea\" data-element_type=\"widget\" data-settings=\"{&quot;video_type&quot;:&quot;vimeo&quot;}\" data-widget_type=\"video.default\">\n\t\t\t\t<div class=\"elementor-widget-container\">\n\t\t\t\t\t\t\t<div class=\"elementor-wrapper elementor-open-inline\">\n\t\t\t<iframe class=\"elementor-video-iframe\" allowfullscreen allow=\"clipboard-write\" title=\"vimeo Video Player\" src=\"https:\/\/player.vimeo.com\/video\/1015275644?color&amp;autopause=0&amp;loop=0&amp;muted=0&amp;title=0&amp;portrait=1&amp;byline=0#t=\"><\/iframe>\t\t<\/div>\n\t\t\t\t\t\t<\/div>\n\t\t\t\t<\/div>\n\t\t\t\t\t<\/div>\n\t\t<\/div>\n\t\t\t\t\t<\/div>\n\t\t<\/section>\n\t\t\t\t<\/div>\n\t\t","protected":false},"excerpt":{"rendered":"<p>Steffen Freund Der in Brandenburg an der Havel geborene Steffen Freund begann seine Karriere bei der BSG Stahl Brandenburg. 1991 wechselte er aus der DDR-&hellip;<\/p>\n","protected":false},"author":1,"featured_media":0,"parent":0,"menu_order":0,"comment_status":"closed","ping_status":"closed","template":"","meta":{"footnotes":""},"class_list":["post-546","page","type-page","status-publish","hentry"],"aioseo_notices":[],"_links":{"self":[{"href":"https:\/\/da-sportsoffice.de\/index.php\/wp-json\/wp\/v2\/pages\/546","targetHints":{"allow":["GET"]}}],"collection":[{"href":"https:\/\/da-sportsoffice.de\/index.php\/wp-json\/wp\/v2\/pages"}],"about":[{"href":"https:\/\/da-sportsoffice.de\/index.php\/wp-json\/wp\/v2\/types\/page"}],"author":[{"embeddable":true,"href":"https:\/\/da-sportsoffice.de\/index.php\/wp-json\/wp\/v2\/users\/1"}],"replies":[{"embeddable":true,"href":"https:\/\/da-sportsoffice.de\/index.php\/wp-json\/wp\/v2\/comments?post=546"}],"version-history":[{"count":43,"href":"https:\/\/da-sportsoffice.de\/index.php\/wp-json\/wp\/v2\/pages\/546\/revisions"}],"predecessor-version":[{"id":1141,"href":"https:\/\/da-sportsoffice.de\/index.php\/wp-json\/wp\/v2\/pages\/546\/revisions\/1141"}],"wp:attachment":[{"href":"https:\/\/da-sportsoffice.de\/index.php\/wp-json\/wp\/v2\/media?parent=546"}],"curies":[{"name":"wp","href":"https:\/\/api.w.org\/{rel}","templated":true}]}}