{"id":355,"date":"2021-10-28T17:24:30","date_gmt":"2021-10-28T15:24:30","guid":{"rendered":"http:\/\/da-sportsoffice.de\/?page_id=355"},"modified":"2024-02-05T16:02:12","modified_gmt":"2024-02-05T15:02:12","slug":"britta-hofmann","status":"publish","type":"page","link":"https:\/\/da-sportsoffice.de\/index.php\/britta-hofmann\/","title":{"rendered":"Britta Hofmann"},"content":{"rendered":"\t\t<div data-elementor-type=\"wp-page\" data-elementor-id=\"355\" class=\"elementor elementor-355\" data-elementor-post-type=\"page\">\n\t\t\t\t\t\t<section class=\"elementor-section elementor-top-section elementor-element elementor-element-8c82872 elementor-section-boxed elementor-section-height-default elementor-section-height-default\" data-id=\"8c82872\" data-element_type=\"section\">\n\t\t\t\t\t\t<div class=\"elementor-container elementor-column-gap-default\">\n\t\t\t\t\t<div class=\"elementor-column elementor-col-100 elementor-top-column elementor-element elementor-element-9093cb2\" data-id=\"9093cb2\" data-element_type=\"column\">\n\t\t\t<div class=\"elementor-widget-wrap elementor-element-populated\">\n\t\t\t\t\t\t<div class=\"elementor-element elementor-element-43b6327 elementor-widget elementor-widget-image\" data-id=\"43b6327\" data-element_type=\"widget\" data-widget_type=\"image.default\">\n\t\t\t\t<div class=\"elementor-widget-container\">\n\t\t\t\t\t\t\t\t\t\t\t\t\t\t\t<img decoding=\"async\" width=\"300\" height=\"48\" src=\"https:\/\/da-sportsoffice.de\/wp-content\/uploads\/2021\/09\/logo_sportsoffice-neu-300x48.jpg\" class=\"attachment-medium size-medium wp-image-4\" alt=\"\" srcset=\"https:\/\/da-sportsoffice.de\/wp-content\/uploads\/2021\/09\/logo_sportsoffice-neu-300x48.jpg 300w, https:\/\/da-sportsoffice.de\/wp-content\/uploads\/2021\/09\/logo_sportsoffice-neu-1024x163.jpg 1024w, https:\/\/da-sportsoffice.de\/wp-content\/uploads\/2021\/09\/logo_sportsoffice-neu-768x123.jpg 768w, https:\/\/da-sportsoffice.de\/wp-content\/uploads\/2021\/09\/logo_sportsoffice-neu-1536x245.jpg 1536w, https:\/\/da-sportsoffice.de\/wp-content\/uploads\/2021\/09\/logo_sportsoffice-neu-1568x250.jpg 1568w, https:\/\/da-sportsoffice.de\/wp-content\/uploads\/2021\/09\/logo_sportsoffice-neu.jpg 1754w\" sizes=\"(max-width: 300px) 100vw, 300px\" \/>\t\t\t\t\t\t\t\t\t\t\t\t\t\t\t<\/div>\n\t\t\t\t<\/div>\n\t\t\t\t<div class=\"elementor-element elementor-element-3e59c3d elementor-widget elementor-widget-spacer\" data-id=\"3e59c3d\" data-element_type=\"widget\" data-widget_type=\"spacer.default\">\n\t\t\t\t<div class=\"elementor-widget-container\">\n\t\t\t\t\t\t\t<div class=\"elementor-spacer\">\n\t\t\t<div class=\"elementor-spacer-inner\"><\/div>\n\t\t<\/div>\n\t\t\t\t\t\t<\/div>\n\t\t\t\t<\/div>\n\t\t\t\t\t<\/div>\n\t\t<\/div>\n\t\t\t\t\t<\/div>\n\t\t<\/section>\n\t\t\t\t<section class=\"elementor-section elementor-top-section elementor-element elementor-element-97bbfae elementor-section-boxed elementor-section-height-default elementor-section-height-default\" data-id=\"97bbfae\" data-element_type=\"section\">\n\t\t\t\t\t\t<div class=\"elementor-container elementor-column-gap-default\">\n\t\t\t\t\t<div class=\"elementor-column elementor-col-33 elementor-top-column elementor-element elementor-element-7480a75\" data-id=\"7480a75\" data-element_type=\"column\">\n\t\t\t<div class=\"elementor-widget-wrap elementor-element-populated\">\n\t\t\t\t\t\t<div class=\"elementor-element elementor-element-7014d6a elementor-widget elementor-widget-image\" data-id=\"7014d6a\" data-element_type=\"widget\" data-widget_type=\"image.default\">\n\t\t\t\t<div class=\"elementor-widget-container\">\n\t\t\t\t\t\t\t\t\t\t\t\t\t\t\t<img fetchpriority=\"high\" decoding=\"async\" width=\"843\" height=\"878\" src=\"https:\/\/da-sportsoffice.de\/wp-content\/uploads\/2022\/01\/IMG_2064-983x1024.jpg\" class=\"attachment-large size-large wp-image-778\" alt=\"\" srcset=\"https:\/\/da-sportsoffice.de\/wp-content\/uploads\/2022\/01\/IMG_2064-983x1024.jpg 983w, https:\/\/da-sportsoffice.de\/wp-content\/uploads\/2022\/01\/IMG_2064-288x300.jpg 288w, https:\/\/da-sportsoffice.de\/wp-content\/uploads\/2022\/01\/IMG_2064-768x800.jpg 768w, https:\/\/da-sportsoffice.de\/wp-content\/uploads\/2022\/01\/IMG_2064-1474x1536.jpg 1474w, https:\/\/da-sportsoffice.de\/wp-content\/uploads\/2022\/01\/IMG_2064-1965x2048.jpg 1965w\" sizes=\"(max-width: 843px) 100vw, 843px\" \/>\t\t\t\t\t\t\t\t\t\t\t\t\t\t\t<\/div>\n\t\t\t\t<\/div>\n\t\t\t\t\t<\/div>\n\t\t<\/div>\n\t\t\t\t<div class=\"elementor-column elementor-col-66 elementor-top-column elementor-element elementor-element-f5be34d\" data-id=\"f5be34d\" data-element_type=\"column\">\n\t\t\t<div class=\"elementor-widget-wrap elementor-element-populated\">\n\t\t\t\t\t\t<div class=\"elementor-element elementor-element-7b4be8f elementor-widget elementor-widget-heading\" data-id=\"7b4be8f\" data-element_type=\"widget\" data-widget_type=\"heading.default\">\n\t\t\t\t<div class=\"elementor-widget-container\">\n\t\t\t\t\t<h5 class=\"elementor-heading-title elementor-size-default\"><span data-elementor-setting-key=\"title\" data-pen-placeholder=\"Eingabe hier...\" style=\"font-family: Roboto, sans-serif;font-weight: 600;clear: both;font-size: 2.1em\">Britta Hofmann<\/span><\/h5>\t\t\t\t<\/div>\n\t\t\t\t<\/div>\n\t\t\t\t<div class=\"elementor-element elementor-element-b6ebc1b elementor-widget elementor-widget-text-editor\" data-id=\"b6ebc1b\" data-element_type=\"widget\" data-widget_type=\"text-editor.default\">\n\t\t\t\t<div class=\"elementor-widget-container\">\n\t\t\t\t\t\t\t\t\t<div><p class=\"p1\"><span class=\"s1\">Ihre ersten journalistischen Meriten verdiente sich die geb\u00fcrtige Attendornerin bereits w\u00e4hrend der Schulzeit. Fast jedes Wochenende verbrachte sie auf dem Sportplatz, um f\u00fcr die lokalen Medien \u00fcber Fu\u00dfball, Handball, Tennis oder auch Wasserball zu berichten.<\/span><\/p><\/div><div><p class=\"p1\"><span class=\"s1\">Nach dem Abitur ging sie zun\u00e4chst an die Deutsche Sporthochschule nach K\u00f6ln. Dem Studium in Sportpublizistik folgte ein zweij\u00e4hriges Volontariat bei n-tv.\u00a0<\/span><span class=\"apple-converted-space\">\u00a0<\/span><span class=\"s1\">Einer der H\u00f6hepunkte waren die Olympischen Spiele 2008 in Peking und 2010 in Whistler, Kanada, von denen Britta Hofmann f\u00fcr n-tv und RTL berichtete.<\/span><\/p><\/div><div><p class=\"p1\"><span class=\"s1\">Seit 2011 ist Britta Hofmann f\u00fcr SKY Deutschland im Einsatz. Unter anderem als Moderatorin f\u00fcr den Sportnachrichtenkanal \u201eSKY Sport News HD\u201c, als Field-Reporterin in der Fu\u00dfball-Bundesliga und als Anchorwoman der UEFA Europa League.<\/span><\/p><\/div><div><p class=\"p1\"><span class=\"s1\">Seit der Saison 2021\/2022 moderiert sie im Wechsel die \u201eSKY Bundesliga Konferenz\u201c am Samstag und die \u201eDein Fu\u00dfball Sonntag &#8211; Die Show&#8221;.<\/span><\/p><p class=\"p1\">Auch als\u00a0<span style=\"letter-spacing: 0px;\">Event-Moderatorin wei\u00df Britta Hofmann auf verschiedensten Themenfeldern zu \u00fcberzeugen. Unter anderem war sie f\u00fcr Nike, Ergo Pro, Porsche <\/span>Financial<span style=\"letter-spacing: 0px;\">\u00a0Services, TSG Hoffenheim, Telefonica, Steyr, Union Invest, Eintracht Frankfurt \u00a0u.v.m.\u00a0im Einsatz.<\/span><\/p><\/div>\t\t\t\t\t\t\t\t<\/div>\n\t\t\t\t<\/div>\n\t\t\t\t<div class=\"elementor-element elementor-element-48b2272 elementor-icon-list--layout-inline elementor-align-left elementor-list-item-link-full_width elementor-widget elementor-widget-icon-list\" data-id=\"48b2272\" data-element_type=\"widget\" data-widget_type=\"icon-list.default\">\n\t\t\t\t<div class=\"elementor-widget-container\">\n\t\t\t\t\t\t\t<ul class=\"elementor-icon-list-items elementor-inline-items\">\n\t\t\t\t\t\t\t<li class=\"elementor-icon-list-item elementor-inline-item\">\n\t\t\t\t\t\t\t\t\t\t\t<a href=\"https:\/\/www.instagram.com\/britta.hofmann\/\">\n\n\t\t\t\t\t\t\t\t\t\t\t\t<span class=\"elementor-icon-list-icon\">\n\t\t\t\t\t\t\t<i aria-hidden=\"true\" class=\"fab fa-instagram\"><\/i>\t\t\t\t\t\t<\/span>\n\t\t\t\t\t\t\t\t\t\t<span class=\"elementor-icon-list-text\">75k<\/span>\n\t\t\t\t\t\t\t\t\t\t\t<\/a>\n\t\t\t\t\t\t\t\t\t<\/li>\n\t\t\t\t\t\t\t\t<li class=\"elementor-icon-list-item elementor-inline-item\">\n\t\t\t\t\t\t\t\t\t\t\t<a href=\"https:\/\/www.facebook.com\/people\/Britta-Hofmann\/\">\n\n\t\t\t\t\t\t\t\t\t\t\t\t<span class=\"elementor-icon-list-icon\">\n\t\t\t\t\t\t\t<i aria-hidden=\"true\" class=\"fab fa-facebook\"><\/i>\t\t\t\t\t\t<\/span>\n\t\t\t\t\t\t\t\t\t\t<span class=\"elementor-icon-list-text\">116k<\/span>\n\t\t\t\t\t\t\t\t\t\t\t<\/a>\n\t\t\t\t\t\t\t\t\t<\/li>\n\t\t\t\t\t\t\t\t<li class=\"elementor-icon-list-item elementor-inline-item\">\n\t\t\t\t\t\t\t\t\t\t\t<a href=\"https:\/\/www.brittahofmann.de\">\n\n\t\t\t\t\t\t\t\t\t\t\t\t<span class=\"elementor-icon-list-icon\">\n\t\t\t\t\t\t\t<i aria-hidden=\"true\" class=\"fas fa-home\"><\/i>\t\t\t\t\t\t<\/span>\n\t\t\t\t\t\t\t\t\t\t<span class=\"elementor-icon-list-text\">britta.hofmann.de<\/span>\n\t\t\t\t\t\t\t\t\t\t\t<\/a>\n\t\t\t\t\t\t\t\t\t<\/li>\n\t\t\t\t\t\t\t\t<li class=\"elementor-icon-list-item elementor-inline-item\">\n\t\t\t\t\t\t\t\t\t\t\t<a href=\"https:\/\/da-sportsoffice.de\/index.php\/contact\/\">\n\n\t\t\t\t\t\t\t\t\t\t\t\t<span class=\"elementor-icon-list-icon\">\n\t\t\t\t\t\t\t<i aria-hidden=\"true\" class=\"fas fa-mail-bulk\"><\/i>\t\t\t\t\t\t<\/span>\n\t\t\t\t\t\t\t\t\t\t<span class=\"elementor-icon-list-text\">contact<\/span>\n\t\t\t\t\t\t\t\t\t\t\t<\/a>\n\t\t\t\t\t\t\t\t\t<\/li>\n\t\t\t\t\t\t<\/ul>\n\t\t\t\t\t\t<\/div>\n\t\t\t\t<\/div>\n\t\t\t\t\t<\/div>\n\t\t<\/div>\n\t\t\t\t\t<\/div>\n\t\t<\/section>\n\t\t\t\t<section class=\"elementor-section elementor-top-section elementor-element elementor-element-db3d813 elementor-section-boxed elementor-section-height-default elementor-section-height-default\" data-id=\"db3d813\" data-element_type=\"section\">\n\t\t\t\t\t\t<div class=\"elementor-container elementor-column-gap-default\">\n\t\t\t\t\t<div class=\"elementor-column elementor-col-100 elementor-top-column elementor-element elementor-element-f0fd656\" data-id=\"f0fd656\" data-element_type=\"column\">\n\t\t\t<div class=\"elementor-widget-wrap\">\n\t\t\t\t\t\t\t<\/div>\n\t\t<\/div>\n\t\t\t\t\t<\/div>\n\t\t<\/section>\n\t\t\t\t<section class=\"elementor-section elementor-top-section elementor-element elementor-element-422c4ea elementor-section-boxed elementor-section-height-default elementor-section-height-default\" data-id=\"422c4ea\" data-element_type=\"section\">\n\t\t\t\t\t\t<div class=\"elementor-container elementor-column-gap-default\">\n\t\t\t\t\t<div class=\"elementor-column elementor-col-100 elementor-top-column elementor-element elementor-element-4edc842\" data-id=\"4edc842\" data-element_type=\"column\">\n\t\t\t<div class=\"elementor-widget-wrap elementor-element-populated\">\n\t\t\t\t\t\t<div class=\"elementor-element elementor-element-778638c elementor-arrows-position-inside elementor-pagination-position-outside elementor-widget elementor-widget-image-carousel\" data-id=\"778638c\" data-element_type=\"widget\" data-settings=\"{&quot;navigation&quot;:&quot;both&quot;,&quot;autoplay&quot;:&quot;yes&quot;,&quot;pause_on_hover&quot;:&quot;yes&quot;,&quot;pause_on_interaction&quot;:&quot;yes&quot;,&quot;autoplay_speed&quot;:5000,&quot;infinite&quot;:&quot;yes&quot;,&quot;speed&quot;:500}\" data-widget_type=\"image-carousel.default\">\n\t\t\t\t<div class=\"elementor-widget-container\">\n\t\t\t\t\t\t\t<div class=\"elementor-image-carousel-wrapper swiper\" role=\"region\" aria-roledescription=\"carousel\" aria-label=\"Image Carousel\" dir=\"ltr\">\n\t\t\t<div class=\"elementor-image-carousel swiper-wrapper\" aria-live=\"off\">\n\t\t\t\t\t\t\t\t<div class=\"swiper-slide\" role=\"group\" aria-roledescription=\"slide\" aria-label=\"1 of 6\"><figure class=\"swiper-slide-inner\"><img decoding=\"async\" class=\"swiper-slide-image\" src=\"https:\/\/da-sportsoffice.de\/wp-content\/uploads\/2021\/11\/IMG_7514-300x225.jpeg\" alt=\"Britta Hofmann f\u00fcr Steyer Traktoren\" \/><figcaption class=\"elementor-image-carousel-caption\">Britta Hofmann f\u00fcr Steyr<\/figcaption><\/figure><\/div><div class=\"swiper-slide\" role=\"group\" aria-roledescription=\"slide\" aria-label=\"2 of 6\"><figure class=\"swiper-slide-inner\"><img decoding=\"async\" class=\"swiper-slide-image\" src=\"https:\/\/da-sportsoffice.de\/wp-content\/uploads\/2024\/02\/IMG_7570-300x247.jpeg\" alt=\"Ergo JAT2024 - Moderation Britta Hofmann, Special-Guest Sandro Wagner\" \/><figcaption class=\"elementor-image-carousel-caption\">Ergo Pro JAT2024 mit Sando Wagner - Berlin<\/figcaption><\/figure><\/div><div class=\"swiper-slide\" role=\"group\" aria-roledescription=\"slide\" aria-label=\"3 of 6\"><figure class=\"swiper-slide-inner\"><img decoding=\"async\" class=\"swiper-slide-image\" src=\"https:\/\/da-sportsoffice.de\/wp-content\/uploads\/2023\/06\/TSG-Pre-Zero-300x300.jpg\" alt=\"&quot;Zero Waste Ad Panel&quot;\nPreZero x TSG Hoffenheim\nModeration Britta Hofmann\" \/><figcaption class=\"elementor-image-carousel-caption\">PreZero x TSG Hoffenheim: Road to Zero Waste <\/figcaption><\/figure><\/div><div class=\"swiper-slide\" role=\"group\" aria-roledescription=\"slide\" aria-label=\"4 of 6\"><figure class=\"swiper-slide-inner\"><img decoding=\"async\" class=\"swiper-slide-image\" src=\"https:\/\/da-sportsoffice.de\/wp-content\/uploads\/2022\/02\/der-goldene-schuh-britta-hofmann-300x200.jpg\" alt=\"Golden Shoe Ceremony 2021\nBritta Hofmann mit Robert Levandowski\" \/><figcaption class=\"elementor-image-carousel-caption\">Golden Shoe-Ceremony with Robert Lewandowski<\/figcaption><\/figure><\/div><div class=\"swiper-slide\" role=\"group\" aria-roledescription=\"slide\" aria-label=\"5 of 6\"><figure class=\"swiper-slide-inner\"><img decoding=\"async\" class=\"swiper-slide-image\" src=\"https:\/\/da-sportsoffice.de\/wp-content\/uploads\/2022\/08\/Ergopro-300x200.jpg\" alt=\"Ergo Pro Sommerfest\nModeration Britta Hofmann \nSpecial-Guest Christoph Kramer\" \/><figcaption class=\"elementor-image-carousel-caption\">Moderation Ergo Pro Sommerfest - Talk mit Christoph Kramer<\/figcaption><\/figure><\/div><div class=\"swiper-slide\" role=\"group\" aria-roledescription=\"slide\" aria-label=\"6 of 6\"><figure class=\"swiper-slide-inner\"><img decoding=\"async\" class=\"swiper-slide-image\" src=\"https:\/\/da-sportsoffice.de\/wp-content\/uploads\/2021\/11\/IMG_4323-225x300.jpeg\" alt=\"Britta Hofmann f\u00fcr Sky Deutschland\" \/><figcaption class=\"elementor-image-carousel-caption\">DFB-Pokal Finale 2021. Britta Hofmann mit Oliver Bierhoff<\/figcaption><\/figure><\/div>\t\t\t<\/div>\n\t\t\t\t\t\t\t\t\t\t\t\t<div class=\"elementor-swiper-button elementor-swiper-button-prev\" role=\"button\" tabindex=\"0\">\n\t\t\t\t\t\t<i aria-hidden=\"true\" class=\"eicon-chevron-left\"><\/i>\t\t\t\t\t<\/div>\n\t\t\t\t\t<div class=\"elementor-swiper-button elementor-swiper-button-next\" role=\"button\" tabindex=\"0\">\n\t\t\t\t\t\t<i aria-hidden=\"true\" class=\"eicon-chevron-right\"><\/i>\t\t\t\t\t<\/div>\n\t\t\t\t\n\t\t\t\t\t\t\t\t\t<div class=\"swiper-pagination\"><\/div>\n\t\t\t\t\t\t\t\t\t<\/div>\n\t\t\t\t\t\t<\/div>\n\t\t\t\t<\/div>\n\t\t\t\t\t<\/div>\n\t\t<\/div>\n\t\t\t\t\t<\/div>\n\t\t<\/section>\n\t\t\t\t<\/div>\n\t\t","protected":false},"excerpt":{"rendered":"<p>Britta Hofmann Ihre ersten journalistischen Meriten verdiente sich die geb\u00fcrtige Attendornerin bereits w\u00e4hrend der Schulzeit. Fast jedes Wochenende verbrachte sie auf dem Sportplatz, um f\u00fcr&hellip;<\/p>\n","protected":false},"author":1,"featured_media":0,"parent":0,"menu_order":0,"comment_status":"closed","ping_status":"closed","template":"","meta":{"footnotes":""},"class_list":["post-355","page","type-page","status-publish","hentry"],"aioseo_notices":[],"_links":{"self":[{"href":"https:\/\/da-sportsoffice.de\/index.php\/wp-json\/wp\/v2\/pages\/355","targetHints":{"allow":["GET"]}}],"collection":[{"href":"https:\/\/da-sportsoffice.de\/index.php\/wp-json\/wp\/v2\/pages"}],"about":[{"href":"https:\/\/da-sportsoffice.de\/index.php\/wp-json\/wp\/v2\/types\/page"}],"author":[{"embeddable":true,"href":"https:\/\/da-sportsoffice.de\/index.php\/wp-json\/wp\/v2\/users\/1"}],"replies":[{"embeddable":true,"href":"https:\/\/da-sportsoffice.de\/index.php\/wp-json\/wp\/v2\/comments?post=355"}],"version-history":[{"count":65,"href":"https:\/\/da-sportsoffice.de\/index.php\/wp-json\/wp\/v2\/pages\/355\/revisions"}],"predecessor-version":[{"id":883,"href":"https:\/\/da-sportsoffice.de\/index.php\/wp-json\/wp\/v2\/pages\/355\/revisions\/883"}],"wp:attachment":[{"href":"https:\/\/da-sportsoffice.de\/index.php\/wp-json\/wp\/v2\/media?parent=355"}],"curies":[{"name":"wp","href":"https:\/\/api.w.org\/{rel}","templated":true}]}}